{"id":738,"date":"2022-03-23T09:47:16","date_gmt":"2022-03-23T07:47:16","guid":{"rendered":"https:\/\/vuosikertomus2021.humak.fi\/?page_id=738"},"modified":"2022-04-13T16:12:24","modified_gmt":"2022-04-13T13:12:24","slug":"front-page-2","status":"publish","type":"page","link":"https:\/\/vuosikertomus2021.humak.fi\/en\/","title":{"rendered":"Front page"},"content":{"rendered":"\n<h2 class=\"has-huge-font-size wp-block-heading\"><strong>Humakin vuosikertomus 2020<\/strong><\/h2>\n\n\n\n<div style=\"height:20px\" aria-hidden=\"true\" class=\"wp-block-spacer\"><\/div>\n\n\n\n<div class=\"wp-block-columns is-layout-flex wp-container-core-columns-is-layout-9d6595d7 wp-block-columns-is-layout-flex\">\n<div class=\"wp-block-column is-layout-flow wp-block-column-is-layout-flow\" style=\"flex-basis:90%\">\n<div class=\"wp-block-columns is-layout-flex wp-container-core-columns-is-layout-9d6595d7 wp-block-columns-is-layout-flex\">\n<div class=\"wp-block-column is-layout-flow wp-block-column-is-layout-flow\" style=\"flex-basis:22.22%\">\n<figure class=\"wp-block-image size-large is-resized is-style-default\"><img loading=\"lazy\" decoding=\"async\" src=\"https:\/\/vuosikertomus2021.humak.fi\/wp-content\/uploads\/sites\/98\/2021\/04\/1200-x-Kuopio-Hurrikaani-Ma\u0308a\u0308tta\u0308-1024x469-1.png\" alt=\"\" class=\"wp-image-724\" width=\"200\" height=\"188\" srcset=\"https:\/\/vuosikertomus2021.humak.fi\/wp-content\/uploads\/sites\/98\/2021\/04\/1200-x-Kuopio-Hurrikaani-Ma\u0308a\u0308tta\u0308-1024x469-1.png 453w, https:\/\/vuosikertomus2021.humak.fi\/wp-content\/uploads\/sites\/98\/2021\/04\/1200-x-Kuopio-Hurrikaani-Ma\u0308a\u0308tta\u0308-1024x469-1-300x283.png 300w, https:\/\/vuosikertomus2021.humak.fi\/wp-content\/uploads\/sites\/98\/2021\/04\/1200-x-Kuopio-Hurrikaani-Ma\u0308a\u0308tta\u0308-1024x469-1-24x24.png 24w, https:\/\/vuosikertomus2021.humak.fi\/wp-content\/uploads\/sites\/98\/2021\/04\/1200-x-Kuopio-Hurrikaani-Ma\u0308a\u0308tta\u0308-1024x469-1-36x34.png 36w, https:\/\/vuosikertomus2021.humak.fi\/wp-content\/uploads\/sites\/98\/2021\/04\/1200-x-Kuopio-Hurrikaani-Ma\u0308a\u0308tta\u0308-1024x469-1-48x45.png 48w\" sizes=\"auto, (max-width: 200px) 100vw, 200px\" \/><\/figure>\n<\/div>\n\n\n\n<div class=\"wp-block-column is-layout-flow wp-block-column-is-layout-flow\" style=\"flex-basis:44.45%\">\n<h1 class=\"wp-block-heading\">Rehtorin, toimitusjohtajan tervehdys<\/h1>\n\n\n\n<p class=\"has-medium-font-size\">Korona vaikutti&nbsp;my\u00f6s Humakin&nbsp;toimintavuoteen. <br>Kev\u00e4\u00e4ll\u00e4 2020 siirryimme et\u00e4ty\u00f6skentelyyn ja -opiskeluun. Saavutimme tavoitteemme jatkaa arkea mahdollisimman sujuvasti&nbsp;ja tarjota&nbsp;opiskelijoille ja henkil\u00f6kunnalle turvallista toimintaa pandemiatilanteessa.<\/p>\n\n\n\n<div style=\"height:26px\" aria-hidden=\"true\" class=\"wp-block-spacer\"><\/div>\n\n\n\n<a href=\"https:\/\/vuosikertomus2021.humak.fi\/blogit\/rehtorin-toimitusjohtajan-tervehdys\/\" class=\"su-button su-button-style-flat\" style=\"color:#FFFFFF;background-color:#000000;border-color:#000000;border-radius:0px\" target=\"_self\"><span style=\"color:#FFFFFF;padding:0px 38px;font-size:27px;line-height:54px;border-color:#4d4d4d;border-radius:0px;text-shadow:none\"> Lue lis\u00e4\u00e4<\/span><\/a>\n<\/div>\n\n\n\n<div class=\"wp-block-column is-layout-flow wp-block-column-is-layout-flow\" style=\"flex-basis:33.33%\">\n<figure class=\"wp-block-image size-large is-style-default\"><img loading=\"lazy\" decoding=\"async\" width=\"450\" height=\"275\" src=\"https:\/\/vuosikertomus2021.humak.fi\/wp-content\/uploads\/sites\/98\/2021\/04\/lintuperhe-450px.png\" alt=\"\" class=\"wp-image-666\" srcset=\"https:\/\/vuosikertomus2021.humak.fi\/wp-content\/uploads\/sites\/98\/2021\/04\/lintuperhe-450px.png 450w, https:\/\/vuosikertomus2021.humak.fi\/wp-content\/uploads\/sites\/98\/2021\/04\/lintuperhe-450px-300x183.png 300w, https:\/\/vuosikertomus2021.humak.fi\/wp-content\/uploads\/sites\/98\/2021\/04\/lintuperhe-450px-24x15.png 24w, https:\/\/vuosikertomus2021.humak.fi\/wp-content\/uploads\/sites\/98\/2021\/04\/lintuperhe-450px-36x22.png 36w, https:\/\/vuosikertomus2021.humak.fi\/wp-content\/uploads\/sites\/98\/2021\/04\/lintuperhe-450px-48x29.png 48w\" sizes=\"auto, (max-width: 450px) 100vw, 450px\" \/><\/figure>\n<\/div>\n<\/div>\n<\/div>\n<\/div>\n\n\n\n<div class=\"wp-block-columns is-layout-flex wp-container-core-columns-is-layout-9d6595d7 wp-block-columns-is-layout-flex\">\n<div class=\"wp-block-column is-layout-flow wp-block-column-is-layout-flow\" style=\"flex-basis:100%\">\n<div class=\"wp-block-columns is-layout-flex wp-container-core-columns-is-layout-9d6595d7 wp-block-columns-is-layout-flex\">\n<div class=\"wp-block-column is-layout-flow wp-block-column-is-layout-flow\" style=\"flex-basis:100%\">\n<div style=\"height:46px\" aria-hidden=\"true\" class=\"wp-block-spacer\"><\/div>\n\n\n\n<div class=\"wp-block-columns has-black-color has-text-color is-layout-flex wp-container-core-columns-is-layout-9d6595d7 wp-block-columns-is-layout-flex\">\n<div class=\"wp-block-column is-layout-flow wp-block-column-is-layout-flow\">\n<div class=\"wp-block-media-text alignwide is-stacked-on-mobile has-black-color has-text-color\" style=\"grid-template-columns:24% auto\"><figure class=\"wp-block-media-text__media\"><img loading=\"lazy\" decoding=\"async\" width=\"600\" height=\"163\" src=\"https:\/\/vuosikertomus2021.humak.fi\/wp-content\/uploads\/sites\/98\/2021\/04\/HUMAK-logo-black-rgb-600px.png\" alt=\"Humakin logo.\" class=\"wp-image-650 size-full\" srcset=\"https:\/\/vuosikertomus2021.humak.fi\/wp-content\/uploads\/sites\/98\/2021\/04\/HUMAK-logo-black-rgb-600px.png 600w, https:\/\/vuosikertomus2021.humak.fi\/wp-content\/uploads\/sites\/98\/2021\/04\/HUMAK-logo-black-rgb-600px-300x82.png 300w, https:\/\/vuosikertomus2021.humak.fi\/wp-content\/uploads\/sites\/98\/2021\/04\/HUMAK-logo-black-rgb-600px-24x7.png 24w, https:\/\/vuosikertomus2021.humak.fi\/wp-content\/uploads\/sites\/98\/2021\/04\/HUMAK-logo-black-rgb-600px-36x10.png 36w, https:\/\/vuosikertomus2021.humak.fi\/wp-content\/uploads\/sites\/98\/2021\/04\/HUMAK-logo-black-rgb-600px-48x13.png 48w\" sizes=\"auto, (max-width: 600px) 100vw, 600px\" \/><\/figure><div class=\"wp-block-media-text__content\">\n<p class=\"has-black-color has-text-color\" style=\"font-size:25px\"><strong><strong>Humak is a university of applied sciences that builds a more humane world.<\/strong><\/strong><\/p>\n\n\n\n<p class=\"has-black-color has-text-color\" style=\"font-size:25px\"><strong>We create a more egalitarian society by developing skills that connect people.<\/strong>\u00a0<\/p>\n<\/div><\/div>\n<\/div>\n<\/div>\n<\/div>\n<\/div>\n<\/div>\n<\/div>\n\n\n\n<div class=\"wp-block-columns is-layout-flex wp-container-core-columns-is-layout-9d6595d7 wp-block-columns-is-layout-flex\">\n<div class=\"wp-block-column is-layout-flow wp-block-column-is-layout-flow\" style=\"flex-basis:100%\">\n<div class=\"wp-block-columns is-layout-flex wp-container-core-columns-is-layout-9d6595d7 wp-block-columns-is-layout-flex\">\n<div class=\"wp-block-column is-layout-flow wp-block-column-is-layout-flow\">\n<div class=\"wp-block-columns is-layout-flex wp-container-core-columns-is-layout-9d6595d7 wp-block-columns-is-layout-flex\">\n<div class=\"wp-block-column is-layout-flow wp-block-column-is-layout-flow\"><\/div>\n\n\n\n<div class=\"wp-block-column is-layout-flow wp-block-column-is-layout-flow\"><\/div>\n\n\n\n<div class=\"wp-block-column is-layout-flow wp-block-column-is-layout-flow\"><\/div>\n<\/div>\n<\/div>\n\n\n\n<div class=\"wp-block-column is-layout-flow wp-block-column-is-layout-flow\">\n<div class=\"wp-block-columns is-layout-flex wp-container-core-columns-is-layout-9d6595d7 wp-block-columns-is-layout-flex\">\n<div class=\"wp-block-column is-layout-flow wp-block-column-is-layout-flow\"><\/div>\n<\/div>\n\n\n\n<p><\/p>\n<\/div>\n<\/div>\n<\/div>\n<\/div>\n","protected":false},"excerpt":{"rendered":"<p>Humakin vuosikertomus 2020 Rehtorin, toimitusjohtajan tervehdys Korona vaikutti&nbsp;my\u00f6s Humakin&nbsp;toimintavuoteen. Kev\u00e4\u00e4ll\u00e4 2020 siirryimme et\u00e4ty\u00f6skentelyyn ja -opiskeluun. Saavutimme tavoitteemme jatkaa arkea mahdollisimman sujuvasti&nbsp;ja tarjota&nbsp;opiskelijoille ja henkil\u00f6kunnalle turvallista toimintaa pandemiatilanteessa. Humak is a university of applied sciences that builds a more humane world. We create a more egalitarian society by developing skills that connect people.\u00a0<\/p>\n","protected":false},"author":1509,"featured_media":640,"parent":0,"menu_order":0,"comment_status":"closed","ping_status":"closed","template":"homepage.php","meta":{"_acf_changed":false,"footnotes":""},"class_list":["post-738","page","type-page","status-publish","has-post-thumbnail","hentry"],"acf":[],"_links":{"self":[{"href":"https:\/\/vuosikertomus2021.humak.fi\/en\/wp-json\/wp\/v2\/pages\/738","targetHints":{"allow":["GET"]}}],"collection":[{"href":"https:\/\/vuosikertomus2021.humak.fi\/en\/wp-json\/wp\/v2\/pages"}],"about":[{"href":"https:\/\/vuosikertomus2021.humak.fi\/en\/wp-json\/wp\/v2\/types\/page"}],"author":[{"embeddable":true,"href":"https:\/\/vuosikertomus2021.humak.fi\/en\/wp-json\/wp\/v2\/users\/1509"}],"replies":[{"embeddable":true,"href":"https:\/\/vuosikertomus2021.humak.fi\/en\/wp-json\/wp\/v2\/comments?post=738"}],"version-history":[{"count":3,"href":"https:\/\/vuosikertomus2021.humak.fi\/en\/wp-json\/wp\/v2\/pages\/738\/revisions"}],"predecessor-version":[{"id":1097,"href":"https:\/\/vuosikertomus2021.humak.fi\/en\/wp-json\/wp\/v2\/pages\/738\/revisions\/1097"}],"wp:featuredmedia":[{"embeddable":true,"href":"https:\/\/vuosikertomus2021.humak.fi\/en\/wp-json\/wp\/v2\/media\/640"}],"wp:attachment":[{"href":"https:\/\/vuosikertomus2021.humak.fi\/en\/wp-json\/wp\/v2\/media?parent=738"}],"curies":[{"name":"wp","href":"https:\/\/api.w.org\/{rel}","templated":true}]}}